{"id":18,"date":"2025-08-13T13:05:20","date_gmt":"2025-08-13T11:05:20","guid":{"rendered":"https:\/\/rubenmunar.com\/?page_id=18"},"modified":"2025-08-16T12:20:08","modified_gmt":"2025-08-16T10:20:08","slug":"transformacion-personal-cuerpo-mente","status":"publish","type":"page","link":"https:\/\/rubenmunar.com\/","title":{"rendered":""},"content":{"rendered":"\t\t<div data-elementor-type=\"wp-post\" data-elementor-id=\"18\" class=\"elementor elementor-18\">\n\t\t\t\t<div class=\"elementor-element elementor-element-42aec33 e-flex e-con-boxed e-con e-parent\" data-id=\"42aec33\" data-element_type=\"container\">\n\t\t\t\t\t<div class=\"e-con-inner\">\n\t\t\t\t<div class=\"elementor-element elementor-element-8c51532 elementor-widget elementor-widget-text-editor\" data-id=\"8c51532\" data-element_type=\"widget\" data-widget_type=\"text-editor.default\">\n\t\t\t\t\t\t\t\t\t<p data-start=\"452\" data-end=\"524\"><strong data-start=\"452\" data-end=\"522\">\u201cLa vida me quit\u00f3 la vista\u2026 y me regal\u00f3 una forma nueva de mirar.\u201d<\/strong><\/p><p data-start=\"532\" data-end=\"624\">No fue un plan.<br data-start=\"547\" data-end=\"550\" \/>No fue un sue\u00f1o.<br data-start=\"568\" data-end=\"571\" \/>Fue un golpe.<br data-start=\"586\" data-end=\"589\" \/>De esos que te cambian el mapa.<\/p><p data-start=\"632\" data-end=\"743\">Me encontr\u00e9 con una ceguera irreversible.<br data-start=\"673\" data-end=\"676\" \/>Y una pregunta brutal:<br data-start=\"700\" data-end=\"703\" \/><strong data-start=\"705\" data-end=\"741\">\u00bfEsto es una pared\u2026 o un camino?<\/strong><\/p><p data-start=\"751\" data-end=\"796\">El miedo era real.<br data-start=\"769\" data-end=\"772\" \/>La soledad, tambi\u00e9n.<\/p><p data-start=\"803\" data-end=\"877\">Pero lo peor fue esa duda silenciosa:<br data-start=\"840\" data-end=\"843\" \/><strong data-start=\"845\" data-end=\"875\">\u00bfVolver\u00e9 a sentirme capaz?<\/strong><\/p><p data-start=\"885\" data-end=\"1029\">Hoy lo s\u00e9:<br data-start=\"895\" data-end=\"898\" \/>No necesitas verlo todo para avanzar.<br data-start=\"937\" data-end=\"940\" \/>A veces, <strong data-start=\"951\" data-end=\"970\">cerrar los ojos<\/strong>\u2026<br data-start=\"971\" data-end=\"974\" \/>es el primer paso para <strong data-start=\"999\" data-end=\"1028\">empezar a vivir de verdad.<\/strong><\/p>\t\t\t\t\t\t\t\t<\/div>\n\t\t\t\t<div class=\"elementor-element elementor-element-cf8954a elementor-mobile-align-center elementor-button-info elementor-align-center elementor-widget elementor-widget-button\" data-id=\"cf8954a\" data-element_type=\"widget\" data-widget_type=\"button.default\">\n\t\t\t\t\t\t\t\t\t\t<a class=\"elementor-button elementor-button-link elementor-size-sm\" href=\"https:\/\/www.instagram.com\/rubensynergia\/?igsh=cXVwNjkwNmE3NTA2&#038;utm_source=qr#\">\n\t\t\t\t\t\t<span class=\"elementor-button-content-wrapper\">\n\t\t\t\t\t\t\t\t\t<span class=\"elementor-button-text\">Con\u00f3ceme en Instagram<\/span>\n\t\t\t\t\t<\/span>\n\t\t\t\t\t<\/a>\n\t\t\t\t\t\t\t\t<\/div>\n\t\t\t\t\t<\/div>\n\t\t\t\t<\/div>\n\t\t<div class=\"elementor-element elementor-element-51131f1 e-flex e-con-boxed e-con e-parent\" data-id=\"51131f1\" data-element_type=\"container\">\n\t\t\t\t\t<div class=\"e-con-inner\">\n\t\t\t\t<div class=\"elementor-element elementor-element-18b2474 elementor-widget-divider--view-line elementor-widget elementor-widget-divider\" data-id=\"18b2474\" data-element_type=\"widget\" data-widget_type=\"divider.default\">\n\t\t\t\t\t\t\t<div class=\"elementor-divider\">\n\t\t\t<span class=\"elementor-divider-separator\">\n\t\t\t\t\t\t<\/span>\n\t\t<\/div>\n\t\t\t\t\t\t<\/div>\n\t\t\t\t\t<\/div>\n\t\t\t\t<\/div>\n\t\t<div class=\"elementor-element elementor-element-7fe7bfa3 e-con-full e-flex e-con e-parent\" data-id=\"7fe7bfa3\" data-element_type=\"container\" data-settings=\"{&quot;background_background&quot;:&quot;classic&quot;}\">\n\t\t<div class=\"elementor-element elementor-element-564be1d1 e-con-full e-flex e-con e-child\" data-id=\"564be1d1\" data-element_type=\"container\">\n\t\t\t\t<div class=\"elementor-element elementor-element-6200c7b elementor-widget elementor-widget-text-editor\" data-id=\"6200c7b\" data-element_type=\"widget\" data-widget_type=\"text-editor.default\">\n\t\t\t\t\t\t\t\t\t<p>Hoy soy fundador de <strong>Synergia Ibiza<\/strong> y creador de <strong>SynerPath<\/strong>. Pero antes de eso, fui la persona que se despertaba sin fuerzas, que ten\u00eda el cuerpo roto y la cabeza llena de ruido.<\/p>\t\t\t\t\t\t\t\t<\/div>\n\t\t\t\t<div class=\"elementor-element elementor-element-fcda614 elementor-mobile-align-center elementor-button-info elementor-align-center elementor-widget__width-initial elementor-widget elementor-widget-button\" data-id=\"fcda614\" data-element_type=\"widget\" data-widget_type=\"button.default\">\n\t\t\t\t\t\t\t\t\t\t<a class=\"elementor-button elementor-button-link elementor-size-sm\" href=\"https:\/\/www.instagram.com\/rubensynergia\/?igsh=cXVwNjkwNmE3NTA2&#038;utm_source=qr#\">\n\t\t\t\t\t\t<span class=\"elementor-button-content-wrapper\">\n\t\t\t\t\t\t\t\t\t<span class=\"elementor-button-text\">Con\u00f3ceme en Instagram<\/span>\n\t\t\t\t\t<\/span>\n\t\t\t\t\t<\/a>\n\t\t\t\t\t\t\t\t<\/div>\n\t\t\t\t<\/div>\n\t\t<div class=\"elementor-element elementor-element-6d14827a e-con-full e-flex e-con e-child\" data-id=\"6d14827a\" data-element_type=\"container\">\n\t\t\t\t<div class=\"elementor-element elementor-element-612f5c16 elementor-widget elementor-widget-image\" data-id=\"612f5c16\" data-element_type=\"widget\" data-widget_type=\"image.default\">\n\t\t\t\t\t\t\t\t\t\t\t\t\t\t\t<img fetchpriority=\"high\" decoding=\"async\" width=\"864\" height=\"1536\" src=\"https:\/\/rubenmunar.com\/wp-content\/uploads\/2025\/08\/Ruben-junto-al-logo-de-synergia-864x1536.jpeg\" class=\"attachment-1536x1536 size-1536x1536 wp-image-83\" alt=\"Rub\u00e9n junto al logo de synergia. Se situa justo delante del logo vestido con una camiseta blanca con el logo del centro.\" srcset=\"https:\/\/rubenmunar.com\/wp-content\/uploads\/2025\/08\/Ruben-junto-al-logo-de-synergia-864x1536.jpeg 864w, https:\/\/rubenmunar.com\/wp-content\/uploads\/2025\/08\/Ruben-junto-al-logo-de-synergia-169x300.jpeg 169w, https:\/\/rubenmunar.com\/wp-content\/uploads\/2025\/08\/Ruben-junto-al-logo-de-synergia-576x1024.jpeg 576w, https:\/\/rubenmunar.com\/wp-content\/uploads\/2025\/08\/Ruben-junto-al-logo-de-synergia-768x1365.jpeg 768w, https:\/\/rubenmunar.com\/wp-content\/uploads\/2025\/08\/Ruben-junto-al-logo-de-synergia.jpeg 900w\" sizes=\"(max-width: 864px) 100vw, 864px\" \/>\t\t\t\t\t\t\t\t\t\t\t\t\t\t\t<\/div>\n\t\t\t\t<\/div>\n\t\t\t\t<\/div>\n\t\t<div class=\"elementor-element elementor-element-4a77a10e e-flex e-con-boxed e-con e-parent\" data-id=\"4a77a10e\" data-element_type=\"container\">\n\t\t\t\t\t<div class=\"e-con-inner\">\n\t\t<div class=\"elementor-element elementor-element-6938b1fe e-con-full e-flex e-con e-child\" data-id=\"6938b1fe\" data-element_type=\"container\">\n\t\t\t\t<div class=\"elementor-element elementor-element-0fc7b4e elementor-widget elementor-widget-spacer\" data-id=\"0fc7b4e\" data-element_type=\"widget\" data-widget_type=\"spacer.default\">\n\t\t\t\t\t\t\t<div class=\"elementor-spacer\">\n\t\t\t<div class=\"elementor-spacer-inner\"><\/div>\n\t\t<\/div>\n\t\t\t\t\t\t<\/div>\n\t\t\t\t<div class=\"elementor-element elementor-element-57e68f40 elementor-widget elementor-widget-text-editor\" data-id=\"57e68f40\" data-element_type=\"widget\" data-widget_type=\"text-editor.default\">\n\t\t\t\t\t\t\t\t\t<p><strong>Descubr\u00ed que no somos piezas sueltas<\/strong>: tu mente, tu cuerpo, tus emociones y tu energ\u00eda hablan entre s\u00ed. Cuando una se desequilibra, las dem\u00e1s caen en cadena.<\/p><p>Y ah\u00ed encontr\u00e9 mi prop\u00f3sito: entrenar a las personas no solo para que se vean mejor, sino para que vivan mejor.<\/p><ul><li><strong>Entrenamiento funcional<\/strong> que se adapta a ti, no al rev\u00e9s.<\/li><li><strong>Nutrici\u00f3n integrativa<\/strong> que nutre sin castigar.<\/li><li><strong>Mentalidad pr\u00e1ctica<\/strong> para afrontar el d\u00eda con energ\u00eda y claridad.<\/li><li><strong>Conexi\u00f3n interior<\/strong>, porque no sirve de nada correr si no sabes hacia d\u00f3nde.<\/li><\/ul><p>Trabajo con personas que quieren recuperar su fuerza, su calma y su confianza\u2026 aunque ahora mismo no sepan por d\u00f3nde empezar.<\/p>\t\t\t\t\t\t\t\t<\/div>\n\t\t\t\t<\/div>\n\t\t\t\t\t<\/div>\n\t\t\t\t<\/div>\n\t\t<div class=\"elementor-element elementor-element-3df3337c e-con-full e-flex e-con e-parent\" data-id=\"3df3337c\" data-element_type=\"container\" id=\"next\">\n\t\t\t\t<div class=\"elementor-element elementor-element-3ee62519 elementor-widget elementor-widget-heading\" data-id=\"3ee62519\" data-element_type=\"widget\" data-widget_type=\"heading.default\">\n\t\t\t\t\t<h3 class=\"elementor-heading-title elementor-size-default\">Puede que te resulte familiar...<\/h3>\t\t\t\t<\/div>\n\t\t\t\t<div class=\"elementor-element elementor-element-6b40b8b elementor-widget elementor-widget-spacer\" data-id=\"6b40b8b\" data-element_type=\"widget\" data-widget_type=\"spacer.default\">\n\t\t\t\t\t\t\t<div class=\"elementor-spacer\">\n\t\t\t<div class=\"elementor-spacer-inner\"><\/div>\n\t\t<\/div>\n\t\t\t\t\t\t<\/div>\n\t\t\t\t<div class=\"elementor-element elementor-element-1f7d4241 elementor-widget__width-initial elementor-widget elementor-widget-heading\" data-id=\"1f7d4241\" data-element_type=\"widget\" data-widget_type=\"heading.default\">\n\t\t\t\t\t<p class=\"elementor-heading-title elementor-size-default\">Buscar motivaci\u00f3n en redes y sentir que nada encaja.<br>Entrenar por obligaci\u00f3n o no hacerlo directamente.<br>Pasar noches en vela y d\u00edas en \"modo autom\u00e1tico\".<br>Vivir cansado y pensar que es normal.<br>Comer r\u00e1pido y sin disfrutar.<\/p>\t\t\t\t<\/div>\n\t\t\t\t<div class=\"elementor-element elementor-element-f466518 elementor-widget elementor-widget-spacer\" data-id=\"f466518\" data-element_type=\"widget\" data-widget_type=\"spacer.default\">\n\t\t\t\t\t\t\t<div class=\"elementor-spacer\">\n\t\t\t<div class=\"elementor-spacer-inner\"><\/div>\n\t\t<\/div>\n\t\t\t\t\t\t<\/div>\n\t\t\t\t<div class=\"elementor-element elementor-element-7fd8bf6 elementor-widget elementor-widget-text-editor\" data-id=\"7fd8bf6\" data-element_type=\"widget\" data-widget_type=\"text-editor.default\">\n\t\t\t\t\t\t\t\t\t<p>Yo lo viv\u00ed. Y s\u00e9 que no es cuesti\u00f3n de fuerza de voluntad, sino de sistema y acompa\u00f1amiento. La verdad es que no necesitas m\u00e1s informaci\u00f3n\u2026 necesitas integraci\u00f3n.<\/p><p>Por eso mi trabajo no es darte una lista de \u201ccosas que hacer\u201d, sino <strong>ense\u00f1arte a vivir de una manera que tu cuerpo, tu mente y tu energ\u00eda vuelvan a funcionar como un equipo.<\/strong><\/p>\t\t\t\t\t\t\t\t<\/div>\n\t\t\t\t<\/div>\n\t\t<div class=\"elementor-element elementor-element-0688f70 e-flex e-con-boxed e-con e-parent\" data-id=\"0688f70\" data-element_type=\"container\">\n\t\t\t\t\t<div class=\"e-con-inner\">\n\t\t\t\t<div class=\"elementor-element elementor-element-7544cd4 elementor-widget elementor-widget-spacer\" data-id=\"7544cd4\" data-element_type=\"widget\" data-widget_type=\"spacer.default\">\n\t\t\t\t\t\t\t<div class=\"elementor-spacer\">\n\t\t\t<div class=\"elementor-spacer-inner\"><\/div>\n\t\t<\/div>\n\t\t\t\t\t\t<\/div>\n\t\t\t\t\t<\/div>\n\t\t\t\t<\/div>\n\t\t<div class=\"elementor-element elementor-element-15f967c e-con-full e-flex e-con e-parent\" data-id=\"15f967c\" data-element_type=\"container\">\n\t\t<div class=\"elementor-element elementor-element-1877fc2 e-con-full e-flex e-con e-child\" data-id=\"1877fc2\" data-element_type=\"container\">\n\t\t\t\t<div class=\"elementor-element elementor-element-54d136d elementor-widget elementor-widget-image\" data-id=\"54d136d\" data-element_type=\"widget\" data-widget_type=\"image.default\">\n\t\t\t\t\t\t\t\t\t\t\t\t\t\t\t<img decoding=\"async\" width=\"862\" height=\"1536\" src=\"https:\/\/rubenmunar.com\/wp-content\/uploads\/2025\/08\/Ruben-sentado-con-los-ojos-cerrados-862x1536.jpeg\" class=\"attachment-1536x1536 size-1536x1536 wp-image-21\" alt=\"Rub\u00e9n sentado en el suelo con posici\u00f3n de meditaci\u00f3n con los ojos cerrados\" srcset=\"https:\/\/rubenmunar.com\/wp-content\/uploads\/2025\/08\/Ruben-sentado-con-los-ojos-cerrados-862x1536.jpeg 862w, https:\/\/rubenmunar.com\/wp-content\/uploads\/2025\/08\/Ruben-sentado-con-los-ojos-cerrados-168x300.jpeg 168w, https:\/\/rubenmunar.com\/wp-content\/uploads\/2025\/08\/Ruben-sentado-con-los-ojos-cerrados-575x1024.jpeg 575w, https:\/\/rubenmunar.com\/wp-content\/uploads\/2025\/08\/Ruben-sentado-con-los-ojos-cerrados-768x1368.jpeg 768w, https:\/\/rubenmunar.com\/wp-content\/uploads\/2025\/08\/Ruben-sentado-con-los-ojos-cerrados-1150x2048.jpeg 1150w, https:\/\/rubenmunar.com\/wp-content\/uploads\/2025\/08\/Ruben-sentado-con-los-ojos-cerrados-scaled.jpeg 1437w\" sizes=\"(max-width: 862px) 100vw, 862px\" \/>\t\t\t\t\t\t\t\t\t\t\t\t\t\t\t<\/div>\n\t\t\t\t<\/div>\n\t\t<div class=\"elementor-element elementor-element-8ef3fb0 e-con-full e-flex e-con e-child\" data-id=\"8ef3fb0\" data-element_type=\"container\">\n\t\t\t\t<div class=\"elementor-element elementor-element-1240e30 elementor-widget elementor-widget-text-editor\" data-id=\"1240e30\" data-element_type=\"widget\" data-widget_type=\"text-editor.default\">\n\t\t\t\t\t\t\t\t\t<p>Si quieres conocer mi historia, aprender conmigo y empezar a crear la tuya, mi puerta est\u00e1 abierta.\u00a0<\/p><p>En Instagram me puedes encontrar, escribir y empezar hoy.<\/p>\t\t\t\t\t\t\t\t<\/div>\n\t\t\t\t<div class=\"elementor-element elementor-element-4b0398b elementor-mobile-align-center elementor-button-info elementor-align-center elementor-widget__width-initial elementor-widget elementor-widget-button\" data-id=\"4b0398b\" data-element_type=\"widget\" data-widget_type=\"button.default\">\n\t\t\t\t\t\t\t\t\t\t<a class=\"elementor-button elementor-button-link elementor-size-sm\" href=\"https:\/\/www.instagram.com\/rubensynergia\/?igsh=cXVwNjkwNmE3NTA2&#038;utm_source=qr#\">\n\t\t\t\t\t\t<span class=\"elementor-button-content-wrapper\">\n\t\t\t\t\t\t\t\t\t<span class=\"elementor-button-text\">Con\u00f3ceme en Instagram<\/span>\n\t\t\t\t\t<\/span>\n\t\t\t\t\t<\/a>\n\t\t\t\t\t\t\t\t<\/div>\n\t\t\t\t<\/div>\n\t\t\t\t<\/div>\n\t\t<div class=\"elementor-element elementor-element-dc133f7 e-flex e-con-boxed e-con e-parent\" data-id=\"dc133f7\" data-element_type=\"container\">\n\t\t\t\t\t<div class=\"e-con-inner\">\n\t\t\t\t<div class=\"elementor-element elementor-element-889155e elementor-widget elementor-widget-spacer\" data-id=\"889155e\" data-element_type=\"widget\" data-widget_type=\"spacer.default\">\n\t\t\t\t\t\t\t<div class=\"elementor-spacer\">\n\t\t\t<div class=\"elementor-spacer-inner\"><\/div>\n\t\t<\/div>\n\t\t\t\t\t\t<\/div>\n\t\t\t\t\t<\/div>\n\t\t\t\t<\/div>\n\t\t<div class=\"elementor-element elementor-element-c0fff72 e-con-full e-flex e-con e-parent\" data-id=\"c0fff72\" data-element_type=\"container\">\n\t\t\t\t<div class=\"elementor-element elementor-element-edc85fe elementor-widget elementor-widget-heading\" data-id=\"edc85fe\" data-element_type=\"widget\" data-widget_type=\"heading.default\">\n\t\t\t\t\t<h1 class=\"elementor-heading-title elementor-size-default\">Porque la vida no espera. <br>Y t\u00fa tampoco deber\u00edas hacerlo.<\/h1>\t\t\t\t<\/div>\n\t\t\t\t<\/div>\n\t\t\t\t<\/div>\n\t\t","protected":false},"excerpt":{"rendered":"<p>\u201cLa vida me quit\u00f3 la vista\u2026 y me regal\u00f3 una forma nueva de mirar.\u201d No fue un plan.No fue un sue\u00f1o.Fue un golpe.De esos que te cambian el mapa. Me encontr\u00e9 con una ceguera irreversible.Y una pregunta brutal:\u00bfEsto es una pared\u2026 o un camino? El miedo era real.La soledad, tambi\u00e9n. Pero lo peor fue esa [&hellip;]<\/p>\n","protected":false},"author":1,"featured_media":0,"parent":0,"menu_order":0,"comment_status":"closed","ping_status":"closed","template":"","meta":{"footnotes":""},"class_list":["post-18","page","type-page","status-publish","hentry"],"yoast_head":"<!-- This site is optimized with the Yoast SEO plugin v25.7 - https:\/\/yoast.com\/wordpress\/plugins\/seo\/ -->\n<title>- Ruben Munar Guasch<\/title>\n<meta name=\"description\" content=\"No necesitas verlo todo para avanzar. Empieza hoy tu transformaci\u00f3n personal cuerpo y mente y reconecta contigo desde un lugar real.\" \/>\n<meta name=\"robots\" content=\"index, follow, max-snippet:-1, max-image-preview:large, max-video-preview:-1\" \/>\n<link rel=\"canonical\" href=\"https:\/\/rubenmunar.com\/transformacion-personal-cuerpo-mente\" \/>\n<meta property=\"og:locale\" content=\"es_ES\" \/>\n<meta property=\"og:type\" content=\"article\" \/>\n<meta property=\"og:title\" content=\"- Ruben Munar Guasch\" \/>\n<meta property=\"og:description\" content=\"No necesitas verlo todo para avanzar. Empieza hoy tu transformaci\u00f3n personal cuerpo y mente y reconecta contigo desde un lugar real.\" \/>\n<meta property=\"og:url\" content=\"https:\/\/rubenmunar.com\/transformacion-personal-cuerpo-mente\" \/>\n<meta property=\"og:site_name\" content=\"Ruben Munar Guasch\" \/>\n<meta property=\"article:modified_time\" content=\"2025-08-16T10:20:08+00:00\" \/>\n<meta property=\"og:image\" content=\"https:\/\/rubenmunar.com\/wp-content\/uploads\/2025\/08\/Ruben-junto-al-logo-de-synergia-864x1536.jpeg\" \/>\n<meta name=\"twitter:card\" content=\"summary_large_image\" \/>\n<meta name=\"twitter:label1\" content=\"Tiempo de lectura\" \/>\n\t<meta name=\"twitter:data1\" content=\"3 minutos\" \/>\n<script type=\"application\/ld+json\" class=\"yoast-schema-graph\">{\"@context\":\"https:\/\/schema.org\",\"@graph\":[{\"@type\":[\"WebPage\",\"ProfilePage\"],\"@id\":\"https:\/\/rubenmunar.com\/\",\"url\":\"https:\/\/rubenmunar.com\/transformacion-personal-cuerpo-mente\",\"name\":\"- Ruben Munar Guasch\",\"isPartOf\":{\"@id\":\"https:\/\/rubenmunar.com\/#website\"},\"primaryImageOfPage\":{\"@id\":\"https:\/\/rubenmunar.com\/transformacion-personal-cuerpo-mente#primaryimage\"},\"image\":{\"@id\":\"https:\/\/rubenmunar.com\/transformacion-personal-cuerpo-mente#primaryimage\"},\"thumbnailUrl\":\"https:\/\/rubenmunar.com\/wp-content\/uploads\/2025\/08\/Ruben-junto-al-logo-de-synergia-864x1536.jpeg\",\"datePublished\":\"2025-08-13T11:05:20+00:00\",\"dateModified\":\"2025-08-16T10:20:08+00:00\",\"description\":\"No necesitas verlo todo para avanzar. Empieza hoy tu transformaci\u00f3n personal cuerpo y mente y reconecta contigo desde un lugar real.\",\"breadcrumb\":{\"@id\":\"https:\/\/rubenmunar.com\/transformacion-personal-cuerpo-mente#breadcrumb\"},\"inLanguage\":\"es\",\"potentialAction\":[{\"@type\":\"ReadAction\",\"target\":[\"https:\/\/rubenmunar.com\/transformacion-personal-cuerpo-mente\"]}]},{\"@type\":\"ImageObject\",\"inLanguage\":\"es\",\"@id\":\"https:\/\/rubenmunar.com\/transformacion-personal-cuerpo-mente#primaryimage\",\"url\":\"https:\/\/rubenmunar.com\/wp-content\/uploads\/2025\/08\/Ruben-junto-al-logo-de-synergia.jpeg\",\"contentUrl\":\"https:\/\/rubenmunar.com\/wp-content\/uploads\/2025\/08\/Ruben-junto-al-logo-de-synergia.jpeg\",\"width\":900,\"height\":1600,\"caption\":\"Rub\u00e9n junto al logo de synergia. Se situa justo delante del logo vestido con una camiseta blanca con el logo del centro.\"},{\"@type\":\"BreadcrumbList\",\"@id\":\"https:\/\/rubenmunar.com\/transformacion-personal-cuerpo-mente#breadcrumb\",\"itemListElement\":[{\"@type\":\"ListItem\",\"position\":1,\"name\":\"Portada\",\"item\":\"https:\/\/rubenmunar.com\/\"},{\"@type\":\"ListItem\",\"position\":2,\"name\":\"Transformaci\u00f3n personal cuerpo y mente\"}]},{\"@type\":\"WebSite\",\"@id\":\"https:\/\/rubenmunar.com\/#website\",\"url\":\"https:\/\/rubenmunar.com\/\",\"name\":\"Ruben Munar Guasch\",\"description\":\"\",\"potentialAction\":[{\"@type\":\"SearchAction\",\"target\":{\"@type\":\"EntryPoint\",\"urlTemplate\":\"https:\/\/rubenmunar.com\/?s={search_term_string}\"},\"query-input\":{\"@type\":\"PropertyValueSpecification\",\"valueRequired\":true,\"valueName\":\"search_term_string\"}}],\"inLanguage\":\"es\"}]}<\/script>\n<!-- \/ Yoast SEO plugin. -->","yoast_head_json":{"title":"- Ruben Munar Guasch","description":"No necesitas verlo todo para avanzar. Empieza hoy tu transformaci\u00f3n personal cuerpo y mente y reconecta contigo desde un lugar real.","robots":{"index":"index","follow":"follow","max-snippet":"max-snippet:-1","max-image-preview":"max-image-preview:large","max-video-preview":"max-video-preview:-1"},"canonical":"https:\/\/rubenmunar.com\/transformacion-personal-cuerpo-mente","og_locale":"es_ES","og_type":"article","og_title":"- Ruben Munar Guasch","og_description":"No necesitas verlo todo para avanzar. Empieza hoy tu transformaci\u00f3n personal cuerpo y mente y reconecta contigo desde un lugar real.","og_url":"https:\/\/rubenmunar.com\/transformacion-personal-cuerpo-mente","og_site_name":"Ruben Munar Guasch","article_modified_time":"2025-08-16T10:20:08+00:00","og_image":[{"url":"https:\/\/rubenmunar.com\/wp-content\/uploads\/2025\/08\/Ruben-junto-al-logo-de-synergia-864x1536.jpeg","type":"","width":"","height":""}],"twitter_card":"summary_large_image","twitter_misc":{"Tiempo de lectura":"3 minutos"},"schema":{"@context":"https:\/\/schema.org","@graph":[{"@type":["WebPage","ProfilePage"],"@id":"https:\/\/rubenmunar.com\/","url":"https:\/\/rubenmunar.com\/transformacion-personal-cuerpo-mente","name":"- Ruben Munar Guasch","isPartOf":{"@id":"https:\/\/rubenmunar.com\/#website"},"primaryImageOfPage":{"@id":"https:\/\/rubenmunar.com\/transformacion-personal-cuerpo-mente#primaryimage"},"image":{"@id":"https:\/\/rubenmunar.com\/transformacion-personal-cuerpo-mente#primaryimage"},"thumbnailUrl":"https:\/\/rubenmunar.com\/wp-content\/uploads\/2025\/08\/Ruben-junto-al-logo-de-synergia-864x1536.jpeg","datePublished":"2025-08-13T11:05:20+00:00","dateModified":"2025-08-16T10:20:08+00:00","description":"No necesitas verlo todo para avanzar. Empieza hoy tu transformaci\u00f3n personal cuerpo y mente y reconecta contigo desde un lugar real.","breadcrumb":{"@id":"https:\/\/rubenmunar.com\/transformacion-personal-cuerpo-mente#breadcrumb"},"inLanguage":"es","potentialAction":[{"@type":"ReadAction","target":["https:\/\/rubenmunar.com\/transformacion-personal-cuerpo-mente"]}]},{"@type":"ImageObject","inLanguage":"es","@id":"https:\/\/rubenmunar.com\/transformacion-personal-cuerpo-mente#primaryimage","url":"https:\/\/rubenmunar.com\/wp-content\/uploads\/2025\/08\/Ruben-junto-al-logo-de-synergia.jpeg","contentUrl":"https:\/\/rubenmunar.com\/wp-content\/uploads\/2025\/08\/Ruben-junto-al-logo-de-synergia.jpeg","width":900,"height":1600,"caption":"Rub\u00e9n junto al logo de synergia. Se situa justo delante del logo vestido con una camiseta blanca con el logo del centro."},{"@type":"BreadcrumbList","@id":"https:\/\/rubenmunar.com\/transformacion-personal-cuerpo-mente#breadcrumb","itemListElement":[{"@type":"ListItem","position":1,"name":"Portada","item":"https:\/\/rubenmunar.com\/"},{"@type":"ListItem","position":2,"name":"Transformaci\u00f3n personal cuerpo y mente"}]},{"@type":"WebSite","@id":"https:\/\/rubenmunar.com\/#website","url":"https:\/\/rubenmunar.com\/","name":"Ruben Munar Guasch","description":"","potentialAction":[{"@type":"SearchAction","target":{"@type":"EntryPoint","urlTemplate":"https:\/\/rubenmunar.com\/?s={search_term_string}"},"query-input":{"@type":"PropertyValueSpecification","valueRequired":true,"valueName":"search_term_string"}}],"inLanguage":"es"}]}},"_links":{"self":[{"href":"https:\/\/rubenmunar.com\/index.php?rest_route=\/wp\/v2\/pages\/18","targetHints":{"allow":["GET"]}}],"collection":[{"href":"https:\/\/rubenmunar.com\/index.php?rest_route=\/wp\/v2\/pages"}],"about":[{"href":"https:\/\/rubenmunar.com\/index.php?rest_route=\/wp\/v2\/types\/page"}],"author":[{"embeddable":true,"href":"https:\/\/rubenmunar.com\/index.php?rest_route=\/wp\/v2\/users\/1"}],"replies":[{"embeddable":true,"href":"https:\/\/rubenmunar.com\/index.php?rest_route=%2Fwp%2Fv2%2Fcomments&post=18"}],"version-history":[{"count":49,"href":"https:\/\/rubenmunar.com\/index.php?rest_route=\/wp\/v2\/pages\/18\/revisions"}],"predecessor-version":[{"id":95,"href":"https:\/\/rubenmunar.com\/index.php?rest_route=\/wp\/v2\/pages\/18\/revisions\/95"}],"wp:attachment":[{"href":"https:\/\/rubenmunar.com\/index.php?rest_route=%2Fwp%2Fv2%2Fmedia&parent=18"}],"curies":[{"name":"wp","href":"https:\/\/api.w.org\/{rel}","templated":true}]}}